{"id":8,"date":"2023-06-27T05:38:39","date_gmt":"2023-06-27T05:38:39","guid":{"rendered":"https:\/\/luminous-landreaux-84bm.zipwp.link\/?page_id=8"},"modified":"2025-05-20T19:23:24","modified_gmt":"2025-05-20T19:23:24","slug":"home","status":"publish","type":"page","link":"https:\/\/www.grupofabrica.com\/manutencao\/","title":{"rendered":"Home"},"content":{"rendered":"\n<div class=\"wp-block-uagb-container uagb-block-edf9ad47 alignfull uagb-is-root-container\"><div class=\"uagb-container-inner-blocks-wrap\">\n<div class=\"wp-block-uagb-info-box uagb-block-360d083e uagb-infobox__content-wrap  uagb-infobox-icon-above-title uagb-infobox-image-valign-top\"><div class=\"uagb-ifb-content\"><div class=\"uagb-ifb-title-wrap\"><h1 class=\"uagb-ifb-title\">Todas as solu\u00e7\u00f5es, um s\u00f3 parceiro<\/h1><\/div><p class=\"uagb-ifb-desc\"> <\/p><\/div><\/div>\n<\/div><\/div>\n\n\n\n<div class=\"wp-block-uagb-container uagb-block-cd2fc679 alignfull uagb-is-root-container\"><div class=\"uagb-container-inner-blocks-wrap\">\n<div class=\"wp-block-uagb-info-box uagb-block-3b175fd5 uagb-infobox__content-wrap  uagb-infobox-icon-above-title uagb-infobox-image-valign-top\"><div class=\"uagb-ifb-content\"><div class=\"uagb-ifb-title-wrap\"><h2 class=\"uagb-ifb-title\">Os nossos servi\u00e7os<\/h2><\/div><\/div><\/div>\n\n\n\n<div class=\"wp-block-uagb-container uagb-block-93377a07\">\n<div class=\"wp-block-uagb-container uagb-block-fae5d157\">\n<div class=\"wp-block-uagb-image alignleft uagb-block-df4cd6be wp-block-uagb-image--layout-default wp-block-uagb-image--effect-static wp-block-uagb-image--align-left\"><figure class=\"wp-block-uagb-image__figure\"><img decoding=\"async\" srcset=\"https:\/\/www.grupofabrica.com\/manutencao\/wp-content\/uploads\/2024\/04\/2150408668.jpg ,https:\/\/www.grupofabrica.com\/manutencao\/wp-content\/uploads\/2024\/04\/2150408668.jpg 780w, https:\/\/www.grupofabrica.com\/manutencao\/wp-content\/uploads\/2024\/04\/2150408668.jpg 360w\" sizes=\"auto, (max-width: 480px) 150px\" src=\"https:\/\/www.grupofabrica.com\/manutencao\/wp-content\/uploads\/2024\/04\/2150408668.jpg\" alt=\"\" class=\"uag-image-1504\" width=\"373\" height=\"480\" title=\"2150408668\" loading=\"lazy\" role=\"img\"\/><\/figure><\/div>\n\n\n\n<div class=\"wp-block-uagb-advanced-heading uagb-block-82da6484\"><h3 class=\"uagb-heading-text\">Contabilidade<\/h3><p class=\"uagb-desc-text\">Constitu\u00edda em 1997 est\u00e1 dotada de uma equipa jovem e din\u00e2mica, integra nos seus quadros v\u00e1rios Contabilistas Certificados e licenciados com experi\u00eancia de v\u00e1rios anos<\/p><\/div>\n<\/div>\n\n\n\n<div class=\"wp-block-uagb-container uagb-block-b4a21a88\">\n<div class=\"wp-block-uagb-image alignleft uagb-block-2400b6c1 wp-block-uagb-image--layout-default wp-block-uagb-image--effect-static wp-block-uagb-image--align-left\"><figure class=\"wp-block-uagb-image__figure\"><img decoding=\"async\" srcset=\"https:\/\/www.grupofabrica.com\/manutencao\/wp-content\/uploads\/2024\/04\/2150040430.jpg ,https:\/\/www.grupofabrica.com\/manutencao\/wp-content\/uploads\/2024\/04\/2150040430.jpg 780w, https:\/\/www.grupofabrica.com\/manutencao\/wp-content\/uploads\/2024\/04\/2150040430.jpg 360w\" sizes=\"auto, (max-width: 480px) 150px\" src=\"https:\/\/www.grupofabrica.com\/manutencao\/wp-content\/uploads\/2024\/04\/2150040430.jpg\" alt=\"\" class=\"uag-image-1506\" width=\"373\" height=\"480\" title=\"2150040430\" loading=\"lazy\" role=\"img\"\/><\/figure><\/div>\n\n\n\n<div class=\"wp-block-uagb-advanced-heading uagb-block-ddf76d8a\"><h3 class=\"uagb-heading-text\">Inform\u00e1tica<\/h3><p class=\"uagb-desc-text\">Dedicamo-nos ao fornecimento e implementa\u00e7\u00e3o de Sistemas de Informa\u00e7\u00e3o adaptados \u00e0s necessidades espec\u00edficas de cada neg\u00f3cio.<br>Solu\u00e7\u00f5es de software de gest\u00e3o (PHC GO), assist\u00eancia t\u00e9cnica, redes e websites.<\/p><\/div>\n<\/div>\n\n\n\n<div class=\"wp-block-uagb-container uagb-block-4be5b602\">\n<div class=\"wp-block-uagb-image alignleft uagb-block-b48fe4eb wp-block-uagb-image--layout-default wp-block-uagb-image--effect-static wp-block-uagb-image--align-left\"><figure class=\"wp-block-uagb-image__figure\"><img decoding=\"async\" srcset=\"https:\/\/www.grupofabrica.com\/manutencao\/wp-content\/uploads\/2024\/04\/31666.jpg ,https:\/\/www.grupofabrica.com\/manutencao\/wp-content\/uploads\/2024\/04\/31666.jpg 780w, https:\/\/www.grupofabrica.com\/manutencao\/wp-content\/uploads\/2024\/04\/31666.jpg 360w\" sizes=\"auto, (max-width: 480px) 150px\" src=\"https:\/\/www.grupofabrica.com\/manutencao\/wp-content\/uploads\/2024\/04\/31666.jpg\" alt=\"\" class=\"uag-image-1507\" width=\"373\" height=\"480\" title=\"31666\" loading=\"lazy\" role=\"img\"\/><\/figure><\/div>\n\n\n\n<div class=\"wp-block-uagb-advanced-heading uagb-block-2d89467b\"><h3 class=\"uagb-heading-text\">Seguros<\/h3><p class=\"uagb-desc-text\">A nossa miss\u00e3o \u00e9 proporcionar tranquilidade e seguran\u00e7a aos nossos clientes, oferecendo solu\u00e7\u00f5es personalizadas e um servi\u00e7o de excel\u00eancia em todas as etapas do processo.<\/p><\/div>\n<\/div>\n<\/div>\n\n\n\n<div class=\"wp-block-uagb-container uagb-block-48c54e67\">\n<div class=\"wp-block-uagb-container uagb-block-0c22ba5a\"><\/div>\n\n\n\n<div class=\"wp-block-uagb-container uagb-block-169b9349\">\n<div class=\"wp-block-uagb-image alignleft uagb-block-b5d49ff3 wp-block-uagb-image--layout-default wp-block-uagb-image--effect-static wp-block-uagb-image--align-left\"><figure class=\"wp-block-uagb-image__figure\"><img decoding=\"async\" srcset=\"https:\/\/www.grupofabrica.com\/manutencao\/wp-content\/uploads\/2024\/04\/vista-do-martelo-de-aco-com-outros-elementos-de-construcao-e-ferramentas_23-2150576453-683x1024.jpg ,https:\/\/www.grupofabrica.com\/manutencao\/wp-content\/uploads\/2024\/04\/vista-do-martelo-de-aco-com-outros-elementos-de-construcao-e-ferramentas_23-2150576453.jpg 780w, https:\/\/www.grupofabrica.com\/manutencao\/wp-content\/uploads\/2024\/04\/vista-do-martelo-de-aco-com-outros-elementos-de-construcao-e-ferramentas_23-2150576453.jpg 360w\" sizes=\"auto, (max-width: 480px) 150px\" src=\"https:\/\/www.grupofabrica.com\/manutencao\/wp-content\/uploads\/2024\/04\/vista-do-martelo-de-aco-com-outros-elementos-de-construcao-e-ferramentas_23-2150576453-683x1024.jpg\" alt=\"\" class=\"uag-image-1510\" width=\"373\" height=\"480\" title=\"vista-do-martelo-de-aco-com-outros-elementos-de-construcao-e-ferramentas_23-2150576453\" loading=\"lazy\" role=\"img\"\/><\/figure><\/div>\n\n\n\n<div class=\"wp-block-uagb-advanced-heading uagb-block-b8336839\"><h3 class=\"uagb-heading-text\">Obras<\/h3><p class=\"uagb-desc-text\">Desde a assist\u00eancia t\u00e9cnica aos condom\u00ednios por n\u00f3s administrados a obras particulares e de constru\u00e7\u00e3o, temos uma equipa de t\u00e9cnicos qualificados para execu\u00e7\u00e3o de qualquer tipo de interven\u00e7\u00e3o.&nbsp;<\/p><\/div>\n<\/div>\n<\/div>\n<\/div><\/div>\n\n\n\n<div class=\"wp-block-uagb-container uagb-block-0cf1e869 alignfull uagb-is-root-container\"><div class=\"uagb-container-inner-blocks-wrap\">\n<div class=\"wp-block-uagb-container uagb-block-8e894bf5\">\n<div class=\"wp-block-uagb-image alignleft uagb-block-88e52dea wp-block-uagb-image--layout-default wp-block-uagb-image--effect-static wp-block-uagb-image--align-left\"><figure class=\"wp-block-uagb-image__figure\"><img decoding=\"async\" srcset=\"https:\/\/www.grupofabrica.com\/manutencao\/wp-content\/uploads\/2024\/04\/416275666_864146889046833_8837360534250581167_n-461x1024.jpg ,https:\/\/www.grupofabrica.com\/manutencao\/wp-content\/uploads\/2024\/04\/416275666_864146889046833_8837360534250581167_n.jpg 780w, https:\/\/www.grupofabrica.com\/manutencao\/wp-content\/uploads\/2024\/04\/416275666_864146889046833_8837360534250581167_n.jpg 360w\" sizes=\"auto, (max-width: 480px) 150px\" src=\"https:\/\/www.grupofabrica.com\/manutencao\/wp-content\/uploads\/2024\/04\/416275666_864146889046833_8837360534250581167_n-461x1024.jpg\" alt=\"\" class=\"uag-image-1512\" width=\"548\" height=\"549\" title=\"416275666_864146889046833_8837360534250581167_n\" loading=\"lazy\" role=\"img\"\/><\/figure><\/div>\n<\/div>\n\n\n\n<div class=\"wp-block-uagb-container uagb-block-db5a712e\">\n<div class=\"wp-block-uagb-info-box uagb-block-69f2621f uagb-infobox__content-wrap  uagb-infobox-icon-above-title uagb-infobox-image-valign-top\"><div class=\"uagb-ifb-content\"><div class=\"uagb-ifb-title-wrap\"><h2 class=\"uagb-ifb-title\">A Nossa Hist\u00f3ria<\/h2><\/div><p class=\"uagb-ifb-desc\">O Grupo F\u00e1brica est\u00e1 no mercado desde junho de 1997, tem sede nas Caldas da Rainha, e tamb\u00e9m escrit\u00f3rios no Porto e Lisboa.<br>\u00c9 composto por um conjunto de empresas que oferecem uma ampla gama integrada de solu\u00e7\u00f5es em v\u00e1rias \u00e1reas de atividade.<\/p><\/div><\/div>\n<\/div>\n<\/div><\/div>\n\n\n\n<div class=\"wp-block-uagb-container uagb-block-ec01bfa7 alignfull uagb-is-root-container\"><div class=\"uagb-container-inner-blocks-wrap\">\n<div class=\"wp-block-uagb-info-box uagb-block-13d69fb3 uagb-infobox__content-wrap  uagb-infobox-icon-above-title uagb-infobox-image-valign-top\"><div class=\"uagb-ifb-content\"><div class=\"uagb-ifb-title-wrap\"><h2 class=\"uagb-ifb-title\">Vem fazer parte deste projeto<\/h2><\/div><p class=\"uagb-ifb-desc\">Deixa-nos os teus dados e diz-nos&nbsp;o que te distingue e de que forma fazes match com este desafio.<\/p><\/div><\/div>\n\n\n\n<div class=\"wp-block-uagb-container uagb-block-5bf3f238\">\n<div class=\"wp-block-uagb-container uagb-block-8b947d96\">\n<div class=\"wp-block-uagb-image uagb-block-f831083c wp-block-uagb-image--layout-default wp-block-uagb-image--effect-static wp-block-uagb-image--align-none\"><figure class=\"wp-block-uagb-image__figure\"><img decoding=\"async\" srcset=\"https:\/\/www.grupofabrica.com\/manutencao\/wp-content\/uploads\/2024\/04\/P_20231127_144050-1024x461.jpg ,https:\/\/www.grupofabrica.com\/manutencao\/wp-content\/uploads\/2024\/04\/P_20231127_144050.jpg 780w, https:\/\/www.grupofabrica.com\/manutencao\/wp-content\/uploads\/2024\/04\/P_20231127_144050.jpg 360w\" sizes=\"auto, (max-width: 480px) 150px\" src=\"https:\/\/www.grupofabrica.com\/manutencao\/wp-content\/uploads\/2024\/04\/P_20231127_144050-1024x461.jpg\" alt=\"\" class=\"uag-image-1517\" width=\"550\" height=\"500\" title=\"P_20231127_144050\" loading=\"lazy\" role=\"img\"\/><\/figure><\/div>\n<\/div>\n\n\n\n<div class=\"wp-block-uagb-container uagb-block-c465247c\">\n<div class=\"wp-block-uagb-info-box uagb-block-73b22374 uagb-infobox__content-wrap  uagb-infobox-icon-above-title uagb-infobox-image-valign-top popmake-1547\"><div class=\"uagb-ifb-content\"><div class=\"uagb-ifb-title-wrap\"><h3 class=\"uagb-ifb-title\">Envia-nos o teu curr\u00edculo<\/h3><\/div><p class=\"uagb-ifb-desc\">Temos um lugar para ti, envia-nos o teu curr\u00edculo<\/p><div class=\"uagb-ifb-button-wrapper wp-block-button\"><a href=\"popmake-1541\" class=\"uagb-infobox-cta-link wp-block-button__link\" target=\"_self\" rel=\"noopener noreferrer\" onclick=\"return true;\"><span class=\"uagb-inline-editing\">Enviar<\/span><\/a><\/div><\/div><\/div>\n<\/div>\n<\/div>\n<\/div><\/div>\n\n\n\n<div class=\"wp-block-uagb-container uagb-block-c84325e4 alignfull uagb-is-root-container\"><div class=\"uagb-container-inner-blocks-wrap\">\n<div class=\"wp-block-uagb-info-box uagb-block-d8a09d88 uagb-infobox__content-wrap  uagb-infobox-icon-above-title uagb-infobox-image-valign-top popmake-1541\"><div class=\"uagb-ifb-content\"><div class=\"uagb-ifb-title-wrap\"><h2 class=\"uagb-ifb-title\">Contacta-nos para mais informa\u00e7\u00f5es<\/h2><\/div><p class=\"uagb-ifb-desc\">Visita-nos nos nossos escrit\u00f3rios em:<br>LISBOA  |  PORTO  |  CALDAS DA RAINHA <br>Poder\u00e1s tamb\u00e9m contactar-nos pelo <strong>262 837 840<\/strong><br>Ou enviar-nos uma mensagem<\/p><div class=\"uagb-ifb-button-wrapper wp-block-button\"><a href=\"contact\/\" class=\"uagb-infobox-cta-link wp-block-button__link\" target=\"_self\" rel=\"noopener noreferrer\" onclick=\"return true;\"><span class=\"uagb-inline-editing\">Enviar Mensagem<\/span><\/a><\/div><\/div><\/div>\n<\/div><\/div>\n\n\n\n<div class=\"wp-block-columns is-layout-flex wp-container-core-columns-is-layout-28f84493 wp-block-columns-is-layout-flex\">\n<div class=\"wp-block-column is-layout-flow wp-block-column-is-layout-flow\" style=\"padding-top:0;padding-bottom:0;flex-basis:25%\">\n<h3 class=\"wp-block-heading has-text-align-center\" style=\"padding-top:0;padding-bottom:0\">Lisboa<\/h3>\n\n\n\t\t\t<div \n\t\t\tclass=\"wp-block-uagb-google-map uagb-google-map__wrap uagb-block-12cd44c4    uag-blocks-common-selector \"\n\t\t\tstyle=\"--z-index-desktop:657;\" >\n\t\t\t\t<embed\n\t\t\t\t\tclass=\"uagb-google-map__iframe\"\n\t\t\t\t\ttitle=\"Google Map for \"\n\t\t\t\t\tsrc=\"https:\/\/maps.google.com\/maps?q=Rua%20Luis%20de%20Freitas%20Branco%2C%20n%C2%BA%2042-D%20%E2%80%93%201600-491%20Lisboa&#038;z=17&#038;hl=pt&#038;t=m&#038;output=embed&#038;iwloc=near\"\n\t\t\t\t\twidth=\"640\"\n\t\t\t\t\theight=\"300\"\n\t\t\t\t\tloading=\"lazy\"\n\t\t\t\t><\/embed>\n\t\t\t<\/div>\n\t\t\t<\/div>\n\n\n\n<div class=\"wp-block-column is-layout-flow wp-block-column-is-layout-flow\" style=\"flex-basis:25%\">\n<h3 class=\"wp-block-heading has-text-align-center\">Porto<\/h3>\n\n\n\t\t\t<div \n\t\t\tclass=\"wp-block-uagb-google-map uagb-google-map__wrap uagb-block-4b4d497f     \"\n\t\t\tstyle=\"\" >\n\t\t\t\t<embed\n\t\t\t\t\tclass=\"uagb-google-map__iframe\"\n\t\t\t\t\ttitle=\"Google Map for \"\n\t\t\t\t\tsrc=\"https:\/\/maps.google.com\/maps?q=Avenida%20Dr.%20Domingos%20Gon%C3%A7alves%20de%20S%C3%A1%2C%20n%C2%BA%20434%2C%20CC%20Rio%20Tinto%20&#038;z=17&#038;hl=pt&#038;t=m&#038;output=embed&#038;iwloc=near\"\n\t\t\t\t\twidth=\"640\"\n\t\t\t\t\theight=\"300\"\n\t\t\t\t\tloading=\"lazy\"\n\t\t\t\t><\/embed>\n\t\t\t<\/div>\n\t\t\t<\/div>\n\n\n\n<div class=\"wp-block-column is-layout-flow wp-block-column-is-layout-flow\" style=\"flex-basis:25%\">\n<h3 class=\"wp-block-heading has-text-align-center\">Caldas da Rainha<\/h3>\n\n\n\t\t\t<div \n\t\t\tclass=\"wp-block-uagb-google-map uagb-google-map__wrap uagb-block-2eb7a6c1     \"\n\t\t\tstyle=\"\" >\n\t\t\t\t<embed\n\t\t\t\t\tclass=\"uagb-google-map__iframe\"\n\t\t\t\t\ttitle=\"Google Map for \"\n\t\t\t\t\tsrc=\"https:\/\/maps.google.com\/maps?q=Rua%20Herminio%20Coito%20ma%C3%A7as%20n%C2%BA%203&#038;z=17&#038;hl=pt&#038;t=m&#038;output=embed&#038;iwloc=near\"\n\t\t\t\t\twidth=\"640\"\n\t\t\t\t\theight=\"300\"\n\t\t\t\t\tloading=\"lazy\"\n\t\t\t\t><\/embed>\n\t\t\t<\/div>\n\t\t\t<\/div>\n<\/div>\n","protected":false},"excerpt":{"rendered":"<p>Contabilidade Constitu\u00edda em 1997 est\u00e1 dotada de uma equipa jovem e din\u00e2mica, integra nos seus quadros v\u00e1rios Contabilistas Certificados e [&hellip;]<\/p>\n","protected":false},"author":9,"featured_media":0,"parent":0,"menu_order":0,"comment_status":"closed","ping_status":"closed","template":"","meta":{"_uag_custom_page_level_css":"","site-sidebar-layout":"default","site-content-layout":"","ast-site-content-layout":"full-width-container","site-content-style":"default","site-sidebar-style":"default","ast-global-header-display":"","ast-banner-title-visibility":"","ast-main-header-display":"","ast-hfb-above-header-display":"","ast-hfb-below-header-display":"","ast-hfb-mobile-header-display":"","site-post-title":"disabled","ast-breadcrumbs-content":"","ast-featured-img":"","footer-sml-layout":"","ast-disable-related-posts":"","theme-transparent-header-meta":"enabled","adv-header-id-meta":"","stick-header-meta":"","header-above-stick-meta":"","header-main-stick-meta":"","header-below-stick-meta":"","astra-migrate-meta-layouts":"set","ast-page-background-enabled":"default","ast-page-background-meta":{"desktop":{"background-color":"var(--ast-global-color-4)","background-image":"","background-repeat":"repeat","background-position":"center center","background-size":"auto","background-attachment":"scroll","background-type":"","background-media":"","overlay-type":"","overlay-color":"","overlay-opacity":"","overlay-gradient":""},"tablet":{"background-color":"","background-image":"","background-repeat":"repeat","background-position":"center center","background-size":"auto","background-attachment":"scroll","background-type":"","background-media":"","overlay-type":"","overlay-color":"","overlay-opacity":"","overlay-gradient":""},"mobile":{"background-color":"","background-image":"","background-repeat":"repeat","background-position":"center center","background-size":"auto","background-attachment":"scroll","background-type":"","background-media":"","overlay-type":"","overlay-color":"","overlay-opacity":"","overlay-gradient":""}},"ast-content-background-meta":{"desktop":{"background-color":"var(--ast-global-color-5)","background-image":"","background-repeat":"repeat","background-position":"center center","background-size":"auto","background-attachment":"scroll","background-type":"","background-media":"","overlay-type":"","overlay-color":"","overlay-opacity":"","overlay-gradient":""},"tablet":{"background-color":"var(--ast-global-color-5)","background-image":"","background-repeat":"repeat","background-position":"center center","background-size":"auto","background-attachment":"scroll","background-type":"","background-media":"","overlay-type":"","overlay-color":"","overlay-opacity":"","overlay-gradient":""},"mobile":{"background-color":"var(--ast-global-color-5)","background-image":"","background-repeat":"repeat","background-position":"center center","background-size":"auto","background-attachment":"scroll","background-type":"","background-media":"","overlay-type":"","overlay-color":"","overlay-opacity":"","overlay-gradient":""}},"footnotes":""},"class_list":["post-8","page","type-page","status-publish","hentry"],"uagb_featured_image_src":{"full":false,"thumbnail":false,"medium":false,"medium_large":false,"large":false,"1536x1536":false,"2048x2048":false},"uagb_author_info":{"display_name":"fmhctEcwGKXe","author_link":"https:\/\/www.grupofabrica.com\/manutencao\/author\/fmhctecwgkxe\/"},"uagb_comment_info":0,"uagb_excerpt":"Contabilidade Constitu\u00edda em 1997 est\u00e1 dotada de uma equipa jovem e din\u00e2mica, integra nos seus quadros v\u00e1rios Contabilistas Certificados e [&hellip;]","_links":{"self":[{"href":"https:\/\/www.grupofabrica.com\/manutencao\/wp-json\/wp\/v2\/pages\/8","targetHints":{"allow":["GET"]}}],"collection":[{"href":"https:\/\/www.grupofabrica.com\/manutencao\/wp-json\/wp\/v2\/pages"}],"about":[{"href":"https:\/\/www.grupofabrica.com\/manutencao\/wp-json\/wp\/v2\/types\/page"}],"author":[{"embeddable":true,"href":"https:\/\/www.grupofabrica.com\/manutencao\/wp-json\/wp\/v2\/users\/9"}],"replies":[{"embeddable":true,"href":"https:\/\/www.grupofabrica.com\/manutencao\/wp-json\/wp\/v2\/comments?post=8"}],"version-history":[{"count":24,"href":"https:\/\/www.grupofabrica.com\/manutencao\/wp-json\/wp\/v2\/pages\/8\/revisions"}],"predecessor-version":[{"id":1584,"href":"https:\/\/www.grupofabrica.com\/manutencao\/wp-json\/wp\/v2\/pages\/8\/revisions\/1584"}],"wp:attachment":[{"href":"https:\/\/www.grupofabrica.com\/manutencao\/wp-json\/wp\/v2\/media?parent=8"}],"curies":[{"name":"wp","href":"https:\/\/api.w.org\/{rel}","templated":true}]}}